{"id":3205,"date":"2017-02-19T19:16:37","date_gmt":"2017-02-19T18:16:37","guid":{"rendered":"http:\/\/www.marieetsylviecourselle.com\/en\/thieuleygeneration3\/"},"modified":"2020-01-13T18:17:41","modified_gmt":"2020-01-13T17:17:41","slug":"thieuleygeneration3","status":"publish","type":"page","link":"https:\/\/www.marieetsylviecourselle.com\/en\/thieuleygeneration3\/","title":{"rendered":"Thieuley G\u00e9n\u00e9ration III"},"content":{"rendered":"<p>[vc_row][vc_column][vc_column_text]<\/p>\n<div class=\"page\" title=\"Page 7\">\n<div class=\"section\">\n<div class=\"layoutArea\">\n<div class=\"column\">\n<div class=\"page\" title=\"Page 7\">\n<div class=\"section\">\n<div class=\"layoutArea\">\n<div class=\"column\">\n<p><em>CERTAIN LIVES REVOLVE AROUND A PARTICULAR PLACE, MUCH LIKE THIS VINE WHICH TWISTS ITSELF AROUND THE POST PLANTED IN THE SOIL. THESE LIVES CLING TO THIS PLACE. THEY DRAW NOURISHMENT FROM IT.&nbsp;<\/em><em>THEY RELY ON IT. THEY TAKE FROM IT STRENGTH TO FACE THE ONSLAUGHT OF THE DAYS.<\/em><\/p>\n<\/div>\n<\/div>\n<\/div>\n<\/div>\n<\/div>\n<\/div>\n<div class=\"layoutArea\">\n<div class=\"column\">\n<p><strong><em>ERIK ORSENNA<\/em><\/strong><\/p>\n<p>&nbsp;<\/p>\n<\/div>\n<\/div>\n<div class=\"layoutArea\">\n<div class=\"column\">\n<p><strong>G\u00c9N\u00c9RATION<\/strong><\/p>\n<\/div>\n<div class=\"column\">\n<div class=\"page\" title=\"Page 7\">\n<div class=\"section\">\n<div class=\"layoutArea\">\n<div class=\"column\">\n<p>CHATEAU THIEULEY IS THE PLACE WHERE OUR PASSION FOR BOTH VINE AND WINE BEGAN. LOVE FOR THIS PLACE, WHICH OUR GRANDFATHER ACQUIRED AT THE END OF THE 1940S THEN OUR FATHER DEVELOPED IN THE 80\u2019S AND 90\u2019S, RUNS IN OUR VEINS. THE TWO OF US REPRESENT THE THIRD GENERATION OF THE COURSELLE FAMILY AT THIEULEY AND IT IS THEREFORE QUITE NATURALLY AND WITH A STRONG EMOTION THAT WE HAVE NAMED THIS CUV\u00c9E GENERATION III. THIS WINE IS THE RESULT OF A TRADITIONAL STYLE UPDATED BY A MODERN APPROACH TO WINEMAKING.<\/p>\n<\/div>\n<\/div>\n<\/div>\n<\/div>\n<\/div>\n<\/div>\n<\/div>\n<\/div>\n<p>[\/vc_column_text][vc_custom_heading text=&#8221;Marie et Sylvie Courselle&#8221; font_container=&#8221;tag:h3|font_size:18px|text_align:left&#8221; google_fonts=&#8221;font_family:Yellowtail%3Aregular|font_style:400%20regular%3A400%3Anormal&#8221; text_transform=&#8221;none&#8221;][vc_separator][\/vc_column][\/vc_row][vc_row][vc_column width=&#8221;1\/2&#8243;]<div class=\"wpb_content_element \"><style type=\"text\/css\" scoped>#ut_header_6a007f84a03a3.pt-style-2 .page-title:after, #ut_header_6a007f84a03a3.pt-style-2 .parallax-title:after, #ut_header_6a007f84a03a3.pt-style-2 .section-title:after {background-color: #e04a33;height: ;width: ;}<\/style><header id=\"ut_header_6a007f84a03a3\" class=\"section-header pt-style-2 header-left\"><h2 class=\"section-title\"><span>CH\u00c2TEAU THIEULEY \u00ab G\u00c9N\u00c9RATION 3 \u00bb AOC BORDEAUX ROUGE \/ 2015<\/span><\/h2><\/header><\/div>[vc_column_text]<\/p>\n<div class=\"page\" title=\"Page 7\">\n<div class=\"section\">\n<div class=\"layoutArea\">\n<div class=\"column\">\n<div class=\"page\" title=\"Page 7\">\n<div class=\"section\">\n<div class=\"layoutArea\">\n<div class=\"column\">\n<p><strong>GRAPE VARIETIES:<\/strong> 60 % Merlot, 25 % Cabernet Sauvignon, 10 % Cabernet Franc, 5 % Petit Verdot<\/p>\n<p><strong>SOIL:<\/strong> Heavy clay and gravely clay.<\/p>\n<p><strong>AGEING:<\/strong> 50% in tank, 50% in first, second and third&nbsp;use barrels.<\/p>\n<p><strong>TASTING NOTE:<\/strong> Deep dark colour. The nose gi- ves off aromas of small black fruits with notes of strawberry jam mixed with chocolate and roasted characters.<\/p>\n<p>In the mouth the tannins are firm but rounded ensu- ring good structure and some ageing potential.<\/p>\n<p><strong>FOOD PAIRING:<\/strong> Marie suggests red meats such as game to go with this subtle red. As for cheese, she would pair it with fresh, peppered goat cheese or a Saint Nectaire. With dessert she would encou- rage you to try it with chocolate and tonka bean gateau.<\/p>\n<p>Sylvie suggests a casserole or a duck parmentier. Rib of beef (PGI quality) works just as beautifully. For an equally traditional pairing she would serve it with soft rind cheeses such as Brie or Camembert.<\/p>\n<\/div>\n<\/div>\n<\/div>\n<\/div>\n<\/div>\n<\/div>\n<\/div>\n<\/div>\n<p>[\/vc_column_text][\/vc_column][vc_column width=&#8221;1\/2&#8243;][vc_single_image image=&#8221;3187&#8243; img_size=&#8221;180&#215;636&#8243; add_caption=&#8221;yes&#8221; alignment=&#8221;center&#8221;][\/vc_column][\/vc_row][vc_row][vc_column width=&#8221;1\/2&#8243;][vc_single_image image=&#8221;3188&#8243; img_size=&#8221;175&#215;636&#8243; add_caption=&#8221;yes&#8221; alignment=&#8221;center&#8221;][\/vc_column][vc_column width=&#8221;1\/2&#8243;]<div class=\"wpb_content_element \"><style type=\"text\/css\" scoped><\/style><header id=\"ut_header_6a007f84a074f\" class=\"section-header pt-style-2 header-left\"><h2 class=\"section-title\"><span>CH\u00c2TEAU THIEULEY \u00ab G\u00c9N\u00c9RATION 3 \u00bb AOC BORDEAUX BLANC \/ 2015<\/span><\/h2><\/header><\/div>[vc_column_text]<\/p>\n<div class=\"page\" title=\"Page 7\">\n<div class=\"section\">\n<div class=\"layoutArea\">\n<div class=\"column\">\n<div class=\"page\" title=\"Page 7\">\n<div class=\"section\">\n<div class=\"layoutArea\">\n<div class=\"column\">\n<div class=\"page\" title=\"Page 7\">\n<div class=\"section\">\n<div class=\"layoutArea\">\n<div class=\"column\">\n<p><strong>GRAPE VARIETIES:<\/strong> 50% S\u00e9millon, 35% Sauvignon Blanc, 15 % Sauvignon Gris<\/p>\n<p><strong>SOIL:<\/strong> Limestone and clay. This soil lends freshness to the wine as well as lovely minerality.<\/p>\n<p><strong>AGEING:<\/strong> 70% in cement tank and 30% in 300 litre barrels.<\/p>\n<p><strong>TASTING NOTE:<\/strong> The nose emits a floral, mineral and lightly exotic bouquet. The wood is evident, integrated with aromas of white fleshed fruits. On the palate, roundness (thanks to lees ageing) and a balancing freshness carry the wine through to a long finish.<\/p>\n<p><strong>FOOD PAIRING:<\/strong> Marie serves this wine with smoked salmon, braised artichoke hearts with fresh ewe\u2019s milk cheese, a ceviche of scallops or squid, angler fish with fennel, or a lamb and quince tagine. Pairing with nectarine or plum clafoutis also works well.<\/p>\n<p>Sylvie offers this wine as an aperitif with truffled butter canap\u00e9s, potted saffron shrimps or lightly browned veal sweetbreads. During the meal she serves it with mushroom risotto or blanquette de veau (veal in white sauce) or later on with ripe comt\u00e9 or tomme sheep\u2019s cheese.<\/p>\n<\/div>\n<\/div>\n<\/div>\n<\/div>\n<\/div>\n<\/div>\n<\/div>\n<\/div>\n<\/div>\n<\/div>\n<\/div>\n<\/div>\n<p>[\/vc_column_text][\/vc_column][\/vc_row][vc_row][vc_column width=&#8221;1\/2&#8243;]<div class=\"wpb_content_element \"><style type=\"text\/css\" scoped>#ut_header_6a007f84a0a74.pt-style-2 .page-title:after, #ut_header_6a007f84a0a74.pt-style-2 .parallax-title:after, #ut_header_6a007f84a0a74.pt-style-2 .section-title:after {background-color: #e8b017;height: ;width: ;}<\/style><header id=\"ut_header_6a007f84a0a74\" class=\"section-header pt-style-2 header-left\"><h2 class=\"section-title\"><span>CH\u00c2TEAU THIEULEY BORDEAUX ROS\u00c9 \/ 2016<\/span><\/h2><\/header><\/div>[vc_column_text]<\/p>\n<div class=\"page\" title=\"Page 7\">\n<div class=\"section\">\n<div class=\"layoutArea\">\n<div class=\"column\">\n<div class=\"page\" title=\"Page 7\">\n<div class=\"section\">\n<div class=\"layoutArea\">\n<div class=\"column\">\n<div class=\"page\" title=\"Page 7\">\n<div class=\"section\">\n<div class=\"layoutArea\">\n<div class=\"column\">\n<div class=\"page\" title=\"Page 7\">\n<div class=\"section\">\n<div class=\"layoutArea\">\n<div class=\"column\">\n<p><strong>GRAPE VARIETIES:<\/strong> Mainly Cabernet Franc<\/p>\n<p><strong>SOIL:<\/strong> A fairly cold, clay loam soil which gives&nbsp;elegance and balance.<\/p>\n<p><strong>WINEMAKING:<\/strong> Immediate pressing of grapes to obtain a pale, refreshing ros\u00e9.<\/p>\n<p><strong>TASTING NOTE:<\/strong> Our ros\u00e9s often develop spicy (star anise), floral aromas. We prioritise freshness and moderate alcohol.<\/p>\n<p><strong>FOOD PAIRING:<\/strong> Marie likes to have this wine with a shot glass of gazpacho, mackerel p\u00e2t\u00e9 or marinated anchovies. During a meal she will serve it with a paella, grilled fish or strawberry soup.<\/p>\n<p>Sylvie highlights this wine with cod fritters, a shrimp and avocado salad, prawns and chorizo, a green bean salad or a homemade lasagne.<\/p>\n<\/div>\n<\/div>\n<\/div>\n<\/div>\n<\/div>\n<\/div>\n<\/div>\n<\/div>\n<\/div>\n<\/div>\n<\/div>\n<\/div>\n<\/div>\n<\/div>\n<\/div>\n<\/div>\n<p>[\/vc_column_text][\/vc_column][vc_column width=&#8221;1\/2&#8243;][vc_single_image image=&#8221;3190&#8243; img_size=&#8221;180&#215;636&#8243; add_caption=&#8221;yes&#8221; alignment=&#8221;center&#8221;][\/vc_column][\/vc_row]<\/p>\n","protected":false},"excerpt":{"rendered":"<p>[vc_row][vc_column][vc_column_text] CERTAIN LIVES REVOLVE AROUND A PARTICULAR PLACE, MUCH LIKE THIS VINE WHICH TWISTS ITSELF AROUND THE POST PLANTED IN THE SOIL. THESE LIVES CLING TO THIS PLACE. THEY DRAW NOURISHMENT FROM IT.&nbsp;THEY RELY ON IT. THEY TAKE FROM IT STRENGTH TO FACE THE ONSLAUGHT OF THE DAYS. ERIK ORSENNA &nbsp; G\u00c9N\u00c9RATION CHATEAU THIEULEY IS [&hellip;]<\/p>\n","protected":false},"author":1,"featured_media":0,"parent":0,"menu_order":0,"comment_status":"closed","ping_status":"closed","template":"","meta":[],"yoast_head":"<!-- This site is optimized with the Yoast SEO plugin v19.10 - https:\/\/yoast.com\/wordpress\/plugins\/seo\/ -->\n<title>Thieuley G\u00e9n\u00e9ration III - Marie &amp; Sylvie Courselle<\/title>\n<meta name=\"description\" content=\"Venez d\u00e9couvrir la cuv\u00e9e &quot;Thieuley G\u00e9n\u00e9ration III&quot; un rouge merlot, cabernet franc, petit verdot, un blanc ,sauvignon, s\u00e9millon et un ros\u00e9 cabernet franc.\" \/>\n<meta name=\"robots\" content=\"index, follow, max-snippet:-1, max-image-preview:large, max-video-preview:-1\" \/>\n<link rel=\"canonical\" href=\"https:\/\/www.marieetsylviecourselle.com\/en\/thieuleygeneration3\/\" \/>\n<meta property=\"og:locale\" content=\"en_US\" \/>\n<meta property=\"og:type\" content=\"article\" \/>\n<meta property=\"og:title\" content=\"Thieuley G\u00e9n\u00e9ration III - Marie &amp; Sylvie Courselle\" \/>\n<meta property=\"og:description\" content=\"Venez d\u00e9couvrir la cuv\u00e9e &quot;Thieuley G\u00e9n\u00e9ration III&quot; un rouge merlot, cabernet franc, petit verdot, un blanc ,sauvignon, s\u00e9millon et un ros\u00e9 cabernet franc.\" \/>\n<meta property=\"og:url\" content=\"https:\/\/www.marieetsylviecourselle.com\/en\/thieuleygeneration3\/\" \/>\n<meta property=\"og:site_name\" content=\"Marie &amp; Sylvie Courselle\" \/>\n<meta property=\"article:publisher\" content=\"https:\/\/www.facebook.com\/lepetitcourselle\/\" \/>\n<meta property=\"article:modified_time\" content=\"2020-01-13T17:17:41+00:00\" \/>\n<meta name=\"twitter:card\" content=\"summary_large_image\" \/>\n<meta name=\"twitter:label1\" content=\"Est. reading time\" \/>\n\t<meta name=\"twitter:data1\" content=\"4 minutes\" \/>\n<script type=\"application\/ld+json\" class=\"yoast-schema-graph\">{\"@context\":\"https:\/\/schema.org\",\"@graph\":[{\"@type\":\"WebPage\",\"@id\":\"https:\/\/www.marieetsylviecourselle.com\/en\/thieuleygeneration3\/\",\"url\":\"https:\/\/www.marieetsylviecourselle.com\/en\/thieuleygeneration3\/\",\"name\":\"Thieuley G\u00e9n\u00e9ration III - Marie &amp; Sylvie Courselle\",\"isPartOf\":{\"@id\":\"https:\/\/www.marieetsylviecourselle.com\/#website\"},\"datePublished\":\"2017-02-19T18:16:37+00:00\",\"dateModified\":\"2020-01-13T17:17:41+00:00\",\"description\":\"Venez d\u00e9couvrir la cuv\u00e9e \\\"Thieuley G\u00e9n\u00e9ration III\\\" un rouge merlot, cabernet franc, petit verdot, un blanc ,sauvignon, s\u00e9millon et un ros\u00e9 cabernet franc.\",\"breadcrumb\":{\"@id\":\"https:\/\/www.marieetsylviecourselle.com\/en\/thieuleygeneration3\/#breadcrumb\"},\"inLanguage\":\"en-US\",\"potentialAction\":[{\"@type\":\"ReadAction\",\"target\":[\"https:\/\/www.marieetsylviecourselle.com\/en\/thieuleygeneration3\/\"]}]},{\"@type\":\"BreadcrumbList\",\"@id\":\"https:\/\/www.marieetsylviecourselle.com\/en\/thieuleygeneration3\/#breadcrumb\",\"itemListElement\":[{\"@type\":\"ListItem\",\"position\":1,\"name\":\"Accueil\",\"item\":\"https:\/\/www.marieetsylviecourselle.com\/en\/\"},{\"@type\":\"ListItem\",\"position\":2,\"name\":\"Thieuley G\u00e9n\u00e9ration III\"}]},{\"@type\":\"WebSite\",\"@id\":\"https:\/\/www.marieetsylviecourselle.com\/#website\",\"url\":\"https:\/\/www.marieetsylviecourselle.com\/\",\"name\":\"Marie &amp; Sylvie Courselle\",\"description\":\"Vigneronnes \u00c9picuriennes\",\"potentialAction\":[{\"@type\":\"SearchAction\",\"target\":{\"@type\":\"EntryPoint\",\"urlTemplate\":\"https:\/\/www.marieetsylviecourselle.com\/?s={search_term_string}\"},\"query-input\":\"required name=search_term_string\"}],\"inLanguage\":\"en-US\"}]}<\/script>\n<!-- \/ Yoast SEO plugin. -->","yoast_head_json":{"title":"Thieuley G\u00e9n\u00e9ration III - Marie &amp; Sylvie Courselle","description":"Venez d\u00e9couvrir la cuv\u00e9e \"Thieuley G\u00e9n\u00e9ration III\" un rouge merlot, cabernet franc, petit verdot, un blanc ,sauvignon, s\u00e9millon et un ros\u00e9 cabernet franc.","robots":{"index":"index","follow":"follow","max-snippet":"max-snippet:-1","max-image-preview":"max-image-preview:large","max-video-preview":"max-video-preview:-1"},"canonical":"https:\/\/www.marieetsylviecourselle.com\/en\/thieuleygeneration3\/","og_locale":"en_US","og_type":"article","og_title":"Thieuley G\u00e9n\u00e9ration III - Marie &amp; Sylvie Courselle","og_description":"Venez d\u00e9couvrir la cuv\u00e9e \"Thieuley G\u00e9n\u00e9ration III\" un rouge merlot, cabernet franc, petit verdot, un blanc ,sauvignon, s\u00e9millon et un ros\u00e9 cabernet franc.","og_url":"https:\/\/www.marieetsylviecourselle.com\/en\/thieuleygeneration3\/","og_site_name":"Marie &amp; Sylvie Courselle","article_publisher":"https:\/\/www.facebook.com\/lepetitcourselle\/","article_modified_time":"2020-01-13T17:17:41+00:00","twitter_card":"summary_large_image","twitter_misc":{"Est. reading time":"4 minutes"},"schema":{"@context":"https:\/\/schema.org","@graph":[{"@type":"WebPage","@id":"https:\/\/www.marieetsylviecourselle.com\/en\/thieuleygeneration3\/","url":"https:\/\/www.marieetsylviecourselle.com\/en\/thieuleygeneration3\/","name":"Thieuley G\u00e9n\u00e9ration III - Marie &amp; Sylvie Courselle","isPartOf":{"@id":"https:\/\/www.marieetsylviecourselle.com\/#website"},"datePublished":"2017-02-19T18:16:37+00:00","dateModified":"2020-01-13T17:17:41+00:00","description":"Venez d\u00e9couvrir la cuv\u00e9e \"Thieuley G\u00e9n\u00e9ration III\" un rouge merlot, cabernet franc, petit verdot, un blanc ,sauvignon, s\u00e9millon et un ros\u00e9 cabernet franc.","breadcrumb":{"@id":"https:\/\/www.marieetsylviecourselle.com\/en\/thieuleygeneration3\/#breadcrumb"},"inLanguage":"en-US","potentialAction":[{"@type":"ReadAction","target":["https:\/\/www.marieetsylviecourselle.com\/en\/thieuleygeneration3\/"]}]},{"@type":"BreadcrumbList","@id":"https:\/\/www.marieetsylviecourselle.com\/en\/thieuleygeneration3\/#breadcrumb","itemListElement":[{"@type":"ListItem","position":1,"name":"Accueil","item":"https:\/\/www.marieetsylviecourselle.com\/en\/"},{"@type":"ListItem","position":2,"name":"Thieuley G\u00e9n\u00e9ration III"}]},{"@type":"WebSite","@id":"https:\/\/www.marieetsylviecourselle.com\/#website","url":"https:\/\/www.marieetsylviecourselle.com\/","name":"Marie &amp; Sylvie Courselle","description":"Vigneronnes \u00c9picuriennes","potentialAction":[{"@type":"SearchAction","target":{"@type":"EntryPoint","urlTemplate":"https:\/\/www.marieetsylviecourselle.com\/?s={search_term_string}"},"query-input":"required name=search_term_string"}],"inLanguage":"en-US"}]}},"_links":{"self":[{"href":"https:\/\/www.marieetsylviecourselle.com\/en\/wp-json\/wp\/v2\/pages\/3205"}],"collection":[{"href":"https:\/\/www.marieetsylviecourselle.com\/en\/wp-json\/wp\/v2\/pages"}],"about":[{"href":"https:\/\/www.marieetsylviecourselle.com\/en\/wp-json\/wp\/v2\/types\/page"}],"author":[{"embeddable":true,"href":"https:\/\/www.marieetsylviecourselle.com\/en\/wp-json\/wp\/v2\/users\/1"}],"replies":[{"embeddable":true,"href":"https:\/\/www.marieetsylviecourselle.com\/en\/wp-json\/wp\/v2\/comments?post=3205"}],"version-history":[{"count":4,"href":"https:\/\/www.marieetsylviecourselle.com\/en\/wp-json\/wp\/v2\/pages\/3205\/revisions"}],"predecessor-version":[{"id":3351,"href":"https:\/\/www.marieetsylviecourselle.com\/en\/wp-json\/wp\/v2\/pages\/3205\/revisions\/3351"}],"wp:attachment":[{"href":"https:\/\/www.marieetsylviecourselle.com\/en\/wp-json\/wp\/v2\/media?parent=3205"}],"curies":[{"name":"wp","href":"https:\/\/api.w.org\/{rel}","templated":true}]}}